{"id":18,"date":"2026-04-16T12:29:49","date_gmt":"2026-04-16T12:29:49","guid":{"rendered":"http:\/\/urjsjbq.cluster100.hosting.ovh.net\/?page_id=18"},"modified":"2026-04-16T12:29:49","modified_gmt":"2026-04-16T12:29:49","slug":"18-2","status":"publish","type":"page","link":"https:\/\/www.feudetoutbois.be\/batontonnerre\/","title":{"rendered":""},"content":{"rendered":"\n<p>Projet n\u00e9 de l&#8217;heureuse rencontre entre\u00a0<strong><em>David Lemarechal<\/em><\/strong>\u00a0et\u00a0<strong><em>Fabian Foort<\/em><\/strong>, B\u00e2ton-Tonnerre est une r\u00e9interpr\u00e9tation d&#8217;un classique des jeux forains,\u00a0<strong>le tir \u00e0 la carabine<\/strong>&#8230;<br>Dans une\u00a0<strong>ambiance insurrectionnel de western post-industriel<\/strong>, \u00e0 l&#8217;aide d&#8217;une winchester de pacotille, venez aider indiennes, indiens et cow-boys&amp;girls \u00e0 sauver le village \u00e0 coups de sabotages et d&#8217;attaque de banque &#8230;<br>Par le biais\u00a0<strong>de la bricole, du bidouillage \u00e9lectronique et num\u00e9rique et du d\u00e9tournement<\/strong>,\u00a0<strong>la maquette est anim\u00e9e et r\u00e9agit comme un flipper<\/strong>&#8230;<br>La maquette symbolise une m\u00e9tropole, dans une mise en sc\u00e8ne cartoonesque et mythologique de grands enjeux politiques d&#8217;aujourd&#8217;hui&#8230;.<\/p>\n\n\n\n<figure class=\"wp-block-gallery has-nested-images columns-default is-cropped wp-block-gallery-1 is-layout-flex wp-block-gallery-is-layout-flex\">\n<figure class=\"wp-block-image size-large\"><img loading=\"lazy\" decoding=\"async\" width=\"900\" height=\"600\" data-id=\"29\" src=\"http:\/\/urjsjbq.cluster100.hosting.ovh.net\/batontonnerre\/wp-content\/uploads\/2026\/04\/BATOIN-Explos-web_2_900.jpg\" alt=\"\" class=\"wp-image-29\" srcset=\"https:\/\/www.feudetoutbois.be\/batontonnerre\/wp-content\/uploads\/2026\/04\/BATOIN-Explos-web_2_900.jpg 900w, https:\/\/www.feudetoutbois.be\/batontonnerre\/wp-content\/uploads\/2026\/04\/BATOIN-Explos-web_2_900-300x200.jpg 300w, https:\/\/www.feudetoutbois.be\/batontonnerre\/wp-content\/uploads\/2026\/04\/BATOIN-Explos-web_2_900-768x512.jpg 768w\" sizes=\"auto, (max-width: 900px) 100vw, 900px\" \/><\/figure>\n\n\n\n<figure class=\"wp-block-image size-large\"><img loading=\"lazy\" decoding=\"async\" width=\"900\" height=\"600\" data-id=\"31\" src=\"http:\/\/urjsjbq.cluster100.hosting.ovh.net\/batontonnerre\/wp-content\/uploads\/2026\/04\/IMG_6824web_900.jpg\" alt=\"\" class=\"wp-image-31\" srcset=\"https:\/\/www.feudetoutbois.be\/batontonnerre\/wp-content\/uploads\/2026\/04\/IMG_6824web_900.jpg 900w, https:\/\/www.feudetoutbois.be\/batontonnerre\/wp-content\/uploads\/2026\/04\/IMG_6824web_900-300x200.jpg 300w, https:\/\/www.feudetoutbois.be\/batontonnerre\/wp-content\/uploads\/2026\/04\/IMG_6824web_900-768x512.jpg 768w\" sizes=\"auto, (max-width: 900px) 100vw, 900px\" \/><\/figure>\n\n\n\n<figure class=\"wp-block-image size-large\"><img loading=\"lazy\" decoding=\"async\" width=\"900\" height=\"600\" data-id=\"32\" src=\"http:\/\/urjsjbq.cluster100.hosting.ovh.net\/batontonnerre\/wp-content\/uploads\/2026\/04\/IMG_6820-web_900.jpg\" alt=\"\" class=\"wp-image-32\" srcset=\"https:\/\/www.feudetoutbois.be\/batontonnerre\/wp-content\/uploads\/2026\/04\/IMG_6820-web_900.jpg 900w, https:\/\/www.feudetoutbois.be\/batontonnerre\/wp-content\/uploads\/2026\/04\/IMG_6820-web_900-300x200.jpg 300w, https:\/\/www.feudetoutbois.be\/batontonnerre\/wp-content\/uploads\/2026\/04\/IMG_6820-web_900-768x512.jpg 768w\" sizes=\"auto, (max-width: 900px) 100vw, 900px\" \/><\/figure>\n\n\n\n<figure class=\"wp-block-image size-large\"><img loading=\"lazy\" decoding=\"async\" width=\"1024\" height=\"682\" data-id=\"33\" src=\"http:\/\/urjsjbq.cluster100.hosting.ovh.net\/batontonnerre\/wp-content\/uploads\/2026\/04\/baton-tonnerre-vue-ensemble-maquette_1600_c-1024x682.jpg\" alt=\"\" class=\"wp-image-33\" srcset=\"https:\/\/www.feudetoutbois.be\/batontonnerre\/wp-content\/uploads\/2026\/04\/baton-tonnerre-vue-ensemble-maquette_1600_c-1024x682.jpg 1024w, https:\/\/www.feudetoutbois.be\/batontonnerre\/wp-content\/uploads\/2026\/04\/baton-tonnerre-vue-ensemble-maquette_1600_c-300x200.jpg 300w, https:\/\/www.feudetoutbois.be\/batontonnerre\/wp-content\/uploads\/2026\/04\/baton-tonnerre-vue-ensemble-maquette_1600_c-768x512.jpg 768w, https:\/\/www.feudetoutbois.be\/batontonnerre\/wp-content\/uploads\/2026\/04\/baton-tonnerre-vue-ensemble-maquette_1600_c-1536x1023.jpg 1536w, https:\/\/www.feudetoutbois.be\/batontonnerre\/wp-content\/uploads\/2026\/04\/baton-tonnerre-vue-ensemble-maquette_1600_c.jpg 1600w\" sizes=\"auto, (max-width: 1024px) 100vw, 1024px\" \/><\/figure>\n\n\n\n<figure class=\"wp-block-image size-large\"><img loading=\"lazy\" decoding=\"async\" width=\"900\" height=\"600\" data-id=\"28\" src=\"http:\/\/urjsjbq.cluster100.hosting.ovh.net\/batontonnerre\/wp-content\/uploads\/2026\/04\/illus-david-reparation-sans-fuck-web_900.jpg\" alt=\"\" class=\"wp-image-28\" srcset=\"https:\/\/www.feudetoutbois.be\/batontonnerre\/wp-content\/uploads\/2026\/04\/illus-david-reparation-sans-fuck-web_900.jpg 900w, https:\/\/www.feudetoutbois.be\/batontonnerre\/wp-content\/uploads\/2026\/04\/illus-david-reparation-sans-fuck-web_900-300x200.jpg 300w, https:\/\/www.feudetoutbois.be\/batontonnerre\/wp-content\/uploads\/2026\/04\/illus-david-reparation-sans-fuck-web_900-768x512.jpg 768w\" sizes=\"auto, (max-width: 900px) 100vw, 900px\" \/><\/figure>\n\n\n\n<figure class=\"wp-block-image size-large\"><img loading=\"lazy\" decoding=\"async\" width=\"1024\" height=\"768\" data-id=\"13\" src=\"http:\/\/urjsjbq.cluster100.hosting.ovh.net\/batontonnerre\/wp-content\/uploads\/2026\/04\/20251012_034011-1024x768.jpg\" alt=\"\" class=\"wp-image-13\" srcset=\"https:\/\/www.feudetoutbois.be\/batontonnerre\/wp-content\/uploads\/2026\/04\/20251012_034011-1024x768.jpg 1024w, https:\/\/www.feudetoutbois.be\/batontonnerre\/wp-content\/uploads\/2026\/04\/20251012_034011-300x225.jpg 300w, https:\/\/www.feudetoutbois.be\/batontonnerre\/wp-content\/uploads\/2026\/04\/20251012_034011-768x576.jpg 768w, https:\/\/www.feudetoutbois.be\/batontonnerre\/wp-content\/uploads\/2026\/04\/20251012_034011-1536x1152.jpg 1536w, https:\/\/www.feudetoutbois.be\/batontonnerre\/wp-content\/uploads\/2026\/04\/20251012_034011-2048x1536.jpg 2048w\" sizes=\"auto, (max-width: 1024px) 100vw, 1024px\" \/><\/figure>\n\n\n\n<figure class=\"wp-block-image size-large\"><img loading=\"lazy\" decoding=\"async\" width=\"768\" height=\"1024\" data-id=\"14\" src=\"http:\/\/urjsjbq.cluster100.hosting.ovh.net\/batontonnerre\/wp-content\/uploads\/2026\/04\/PXL_20250712_144548856-768x1024.jpg\" alt=\"\" class=\"wp-image-14\" srcset=\"https:\/\/www.feudetoutbois.be\/batontonnerre\/wp-content\/uploads\/2026\/04\/PXL_20250712_144548856-768x1024.jpg 768w, https:\/\/www.feudetoutbois.be\/batontonnerre\/wp-content\/uploads\/2026\/04\/PXL_20250712_144548856-225x300.jpg 225w, https:\/\/www.feudetoutbois.be\/batontonnerre\/wp-content\/uploads\/2026\/04\/PXL_20250712_144548856-1152x1536.jpg 1152w, https:\/\/www.feudetoutbois.be\/batontonnerre\/wp-content\/uploads\/2026\/04\/PXL_20250712_144548856-1536x2048.jpg 1536w, https:\/\/www.feudetoutbois.be\/batontonnerre\/wp-content\/uploads\/2026\/04\/PXL_20250712_144548856-scaled.jpg 1920w\" sizes=\"auto, (max-width: 768px) 100vw, 768px\" \/><\/figure>\n\n\n\n<figure class=\"wp-block-image size-large\"><img loading=\"lazy\" decoding=\"async\" width=\"1024\" height=\"682\" data-id=\"30\" src=\"http:\/\/urjsjbq.cluster100.hosting.ovh.net\/batontonnerre\/wp-content\/uploads\/2026\/04\/BATOIN-Fume-web_3_1431-1024x682.jpg\" alt=\"\" class=\"wp-image-30\" srcset=\"https:\/\/www.feudetoutbois.be\/batontonnerre\/wp-content\/uploads\/2026\/04\/BATOIN-Fume-web_3_1431-1024x682.jpg 1024w, https:\/\/www.feudetoutbois.be\/batontonnerre\/wp-content\/uploads\/2026\/04\/BATOIN-Fume-web_3_1431-300x200.jpg 300w, https:\/\/www.feudetoutbois.be\/batontonnerre\/wp-content\/uploads\/2026\/04\/BATOIN-Fume-web_3_1431-768x511.jpg 768w, https:\/\/www.feudetoutbois.be\/batontonnerre\/wp-content\/uploads\/2026\/04\/BATOIN-Fume-web_3_1431.jpg 1431w\" sizes=\"auto, (max-width: 1024px) 100vw, 1024px\" \/><\/figure>\n\n\n\n<figure class=\"wp-block-image size-large\"><img loading=\"lazy\" decoding=\"async\" width=\"1024\" height=\"768\" data-id=\"12\" src=\"http:\/\/urjsjbq.cluster100.hosting.ovh.net\/batontonnerre\/wp-content\/uploads\/2026\/04\/IMG_20231014_232114-1024x768.jpg\" alt=\"\" class=\"wp-image-12\" srcset=\"https:\/\/www.feudetoutbois.be\/batontonnerre\/wp-content\/uploads\/2026\/04\/IMG_20231014_232114-1024x768.jpg 1024w, https:\/\/www.feudetoutbois.be\/batontonnerre\/wp-content\/uploads\/2026\/04\/IMG_20231014_232114-300x225.jpg 300w, https:\/\/www.feudetoutbois.be\/batontonnerre\/wp-content\/uploads\/2026\/04\/IMG_20231014_232114-768x576.jpg 768w, https:\/\/www.feudetoutbois.be\/batontonnerre\/wp-content\/uploads\/2026\/04\/IMG_20231014_232114-1536x1152.jpg 1536w, https:\/\/www.feudetoutbois.be\/batontonnerre\/wp-content\/uploads\/2026\/04\/IMG_20231014_232114-2048x1536.jpg 2048w\" sizes=\"auto, (max-width: 1024px) 100vw, 1024px\" \/><figcaption class=\"wp-element-caption\">mde<\/figcaption><\/figure>\n\n\n\n<figure class=\"wp-block-image size-large\"><img loading=\"lazy\" decoding=\"async\" width=\"768\" height=\"1024\" data-id=\"11\" src=\"http:\/\/urjsjbq.cluster100.hosting.ovh.net\/batontonnerre\/wp-content\/uploads\/2026\/04\/signal-2025-06-29-18-39-09-113-3-768x1024.jpg\" alt=\"\" class=\"wp-image-11\" srcset=\"https:\/\/www.feudetoutbois.be\/batontonnerre\/wp-content\/uploads\/2026\/04\/signal-2025-06-29-18-39-09-113-3-768x1024.jpg 768w, https:\/\/www.feudetoutbois.be\/batontonnerre\/wp-content\/uploads\/2026\/04\/signal-2025-06-29-18-39-09-113-3-225x300.jpg 225w, https:\/\/www.feudetoutbois.be\/batontonnerre\/wp-content\/uploads\/2026\/04\/signal-2025-06-29-18-39-09-113-3-1152x1536.jpg 1152w, https:\/\/www.feudetoutbois.be\/batontonnerre\/wp-content\/uploads\/2026\/04\/signal-2025-06-29-18-39-09-113-3.jpg 1536w\" sizes=\"auto, (max-width: 768px) 100vw, 768px\" \/><\/figure>\n\n\n\n<figure class=\"wp-block-image size-large\"><img loading=\"lazy\" decoding=\"async\" width=\"1024\" height=\"768\" data-id=\"8\" src=\"http:\/\/urjsjbq.cluster100.hosting.ovh.net\/batontonnerre\/wp-content\/uploads\/2026\/04\/chezHubert2-1024x768.jpg\" alt=\"\" class=\"wp-image-8\" srcset=\"https:\/\/www.feudetoutbois.be\/batontonnerre\/wp-content\/uploads\/2026\/04\/chezHubert2-1024x768.jpg 1024w, https:\/\/www.feudetoutbois.be\/batontonnerre\/wp-content\/uploads\/2026\/04\/chezHubert2-300x225.jpg 300w, https:\/\/www.feudetoutbois.be\/batontonnerre\/wp-content\/uploads\/2026\/04\/chezHubert2-768x576.jpg 768w, https:\/\/www.feudetoutbois.be\/batontonnerre\/wp-content\/uploads\/2026\/04\/chezHubert2-1536x1152.jpg 1536w, https:\/\/www.feudetoutbois.be\/batontonnerre\/wp-content\/uploads\/2026\/04\/chezHubert2-2048x1536.jpg 2048w\" sizes=\"auto, (max-width: 1024px) 100vw, 1024px\" \/><\/figure>\n\n\n\n<figure class=\"wp-block-image size-large\"><img loading=\"lazy\" decoding=\"async\" width=\"1024\" height=\"768\" data-id=\"10\" src=\"http:\/\/urjsjbq.cluster100.hosting.ovh.net\/batontonnerre\/wp-content\/uploads\/2026\/04\/signal-2025-06-29-17-53-45-306-6-1024x768.jpg\" alt=\"\" class=\"wp-image-10\" srcset=\"https:\/\/www.feudetoutbois.be\/batontonnerre\/wp-content\/uploads\/2026\/04\/signal-2025-06-29-17-53-45-306-6-1024x768.jpg 1024w, https:\/\/www.feudetoutbois.be\/batontonnerre\/wp-content\/uploads\/2026\/04\/signal-2025-06-29-17-53-45-306-6-300x225.jpg 300w, https:\/\/www.feudetoutbois.be\/batontonnerre\/wp-content\/uploads\/2026\/04\/signal-2025-06-29-17-53-45-306-6-768x576.jpg 768w, https:\/\/www.feudetoutbois.be\/batontonnerre\/wp-content\/uploads\/2026\/04\/signal-2025-06-29-17-53-45-306-6-1536x1152.jpg 1536w, https:\/\/www.feudetoutbois.be\/batontonnerre\/wp-content\/uploads\/2026\/04\/signal-2025-06-29-17-53-45-306-6.jpg 2048w\" sizes=\"auto, (max-width: 1024px) 100vw, 1024px\" \/><\/figure>\n\n\n\n<figure class=\"wp-block-image size-large\"><img loading=\"lazy\" decoding=\"async\" width=\"768\" height=\"1024\" data-id=\"9\" src=\"http:\/\/urjsjbq.cluster100.hosting.ovh.net\/batontonnerre\/wp-content\/uploads\/2026\/04\/signal-2025-06-29-17-53-45-306-768x1024.jpg\" alt=\"\" class=\"wp-image-9\" srcset=\"https:\/\/www.feudetoutbois.be\/batontonnerre\/wp-content\/uploads\/2026\/04\/signal-2025-06-29-17-53-45-306-768x1024.jpg 768w, https:\/\/www.feudetoutbois.be\/batontonnerre\/wp-content\/uploads\/2026\/04\/signal-2025-06-29-17-53-45-306-225x300.jpg 225w, https:\/\/www.feudetoutbois.be\/batontonnerre\/wp-content\/uploads\/2026\/04\/signal-2025-06-29-17-53-45-306-1152x1536.jpg 1152w, https:\/\/www.feudetoutbois.be\/batontonnerre\/wp-content\/uploads\/2026\/04\/signal-2025-06-29-17-53-45-306.jpg 1536w\" sizes=\"auto, (max-width: 768px) 100vw, 768px\" \/><\/figure>\n\n\n\n<figure class=\"wp-block-image size-large\"><img loading=\"lazy\" decoding=\"async\" width=\"576\" height=\"1024\" data-id=\"35\" src=\"http:\/\/urjsjbq.cluster100.hosting.ovh.net\/batontonnerre\/wp-content\/uploads\/2026\/04\/0852-576x1024.png\" alt=\"\" class=\"wp-image-35\" srcset=\"https:\/\/www.feudetoutbois.be\/batontonnerre\/wp-content\/uploads\/2026\/04\/0852-576x1024.png 576w, https:\/\/www.feudetoutbois.be\/batontonnerre\/wp-content\/uploads\/2026\/04\/0852-169x300.png 169w, https:\/\/www.feudetoutbois.be\/batontonnerre\/wp-content\/uploads\/2026\/04\/0852-768x1365.png 768w, https:\/\/www.feudetoutbois.be\/batontonnerre\/wp-content\/uploads\/2026\/04\/0852-864x1536.png 864w, https:\/\/www.feudetoutbois.be\/batontonnerre\/wp-content\/uploads\/2026\/04\/0852.png 1080w\" sizes=\"auto, (max-width: 576px) 100vw, 576px\" \/><\/figure>\n<\/figure>\n\n\n\n<p><br><strong>Vous auriez pu y voir B\u00e2ton-Tonnerre :<\/strong><\/p>\n\n\n\n<p><br>La Grande F\u00eate des Ombres &#8211;\u00a0Rennes\u00a0&#8211; octobre 2025<br>La F\u00eate Foraine Urbaine &#8211;\u00a0Luxembourg- juillet 2025<br>Le Doigt dans l&#8217;Oreille du Chauve &#8211;\u00a0St Germain d&#8217;Ectot\u00a0&#8211; Juin 2025<br>La kermesse &#8211; Association Mi-f\u00eates Mi-affaires &#8211;\u00a0Douarnenez\u00a0Mai 2024<br>Sonic Protest &#8211; Mains d&#8217;oeuvres &#8211;\u00a0St-Ouen\u00a0&#8211; Mars 2024<br>Et encore avant :<br>La Rue est \u00e0 Amiens &#8211;\u00a0Amiens<br>Les Roches Blanches &#8211;\u00a0Douarnenez<br>Le Gel Fest &#8211;\u00a0Cugand<br>F\u00eate de fin d&#8217;ann\u00e9e du Lyc\u00e9e Pro Voltaire &#8211;\u00a0Wingles<br>Festival Playtime &#8211; ch\u00e2teau &#8211;\u00a0Bricquebec<br>La Senne &#8211;\u00a0Bruxelles<br>Le LAAC &#8211;\u00a0Dunkerque<br>Le Fancif\u00e8re Rumsteek &#8211;\u00a0Bruxelles<br>La f\u00eate du Printemps &#8211;\u00a0Lille<br>&#8230;<br>&#8230;<br><br><\/p>\n\n\n\n<p><em>DEBORDANT D&#8217;IDEES POUR AMELIORER LE MODELE, ON RECHERCHE DES AIDES A LA PRODUCTION ET A LA DIFFUSION, N&#8217;HESITEZ PAS A NOUS CONTACTER !!!!<\/em><\/p>\n","protected":false},"excerpt":{"rendered":"<p>Projet n\u00e9 de l&#8217;heureuse rencontre entre\u00a0David Lemarechal\u00a0et\u00a0Fabian Foort, B\u00e2ton-Tonnerre est une r\u00e9interpr\u00e9tation d&#8217;un classique des jeux forains,\u00a0le tir \u00e0 la carabine&#8230;Dans une\u00a0ambiance insurrectionnel de western post-industriel, \u00e0 l&#8217;aide d&#8217;une winchester de pacotille, venez aider indiennes, indiens et cow-boys&amp;girls \u00e0 sauver le village \u00e0 coups de sabotages et d&#8217;attaque de banque &#8230;Par le biais\u00a0de la bricole, [&hellip;]<\/p>\n","protected":false},"author":1,"featured_media":7,"parent":0,"menu_order":0,"comment_status":"closed","ping_status":"closed","template":"","meta":{"footnotes":""},"class_list":["post-18","page","type-page","status-publish","has-post-thumbnail","hentry"],"_links":{"self":[{"href":"https:\/\/www.feudetoutbois.be\/batontonnerre\/wp-json\/wp\/v2\/pages\/18","targetHints":{"allow":["GET"]}}],"collection":[{"href":"https:\/\/www.feudetoutbois.be\/batontonnerre\/wp-json\/wp\/v2\/pages"}],"about":[{"href":"https:\/\/www.feudetoutbois.be\/batontonnerre\/wp-json\/wp\/v2\/types\/page"}],"author":[{"embeddable":true,"href":"https:\/\/www.feudetoutbois.be\/batontonnerre\/wp-json\/wp\/v2\/users\/1"}],"replies":[{"embeddable":true,"href":"https:\/\/www.feudetoutbois.be\/batontonnerre\/wp-json\/wp\/v2\/comments?post=18"}],"version-history":[{"count":9,"href":"https:\/\/www.feudetoutbois.be\/batontonnerre\/wp-json\/wp\/v2\/pages\/18\/revisions"}],"predecessor-version":[{"id":40,"href":"https:\/\/www.feudetoutbois.be\/batontonnerre\/wp-json\/wp\/v2\/pages\/18\/revisions\/40"}],"wp:featuredmedia":[{"embeddable":true,"href":"https:\/\/www.feudetoutbois.be\/batontonnerre\/wp-json\/wp\/v2\/media\/7"}],"wp:attachment":[{"href":"https:\/\/www.feudetoutbois.be\/batontonnerre\/wp-json\/wp\/v2\/media?parent=18"}],"curies":[{"name":"wp","href":"https:\/\/api.w.org\/{rel}","templated":true}]}}